{"id":2699,"date":"2022-12-13T15:58:00","date_gmt":"2022-12-13T15:58:00","guid":{"rendered":"https:\/\/oceanclinic.shop\/producto\/exilis-radiofrequency\/"},"modified":"2022-12-13T15:58:00","modified_gmt":"2022-12-13T15:58:00","slug":"radiofrecuencia-exilis","status":"publish","type":"product","link":"https:\/\/oceanclinic.shop\/en\/product\/radiofrecuencia-exilis\/","title":{"rendered":"Exilis Radiofrequency"},"content":{"rendered":"","protected":false},"excerpt":{"rendered":"<p>Exilis is a device that offers the simultaneous combination of ultrasound waves with radiofrequency and adjustable reinforcement. Exilis therapy focuses on the elimination of isolated fat and quickly and effectively reshapes the treated \u00e1rea.<br \/>\nThe treatments are personalized, depending on the thickness of the skin and the \u00e1rea to be treated for each patient. The combination of radiofrequency and cooling adjust differently depending on the \u00e1rea to be treated: thighs, neckline, face, abdomen, etc\u2026<br \/>\nThe recommended amount of sessions range between 6 and 10.<\/p>\n","protected":false},"featured_media":2264,"template":"","meta":{"site-sidebar-layout":"default","site-content-layout":"default","ast-site-content-layout":"","site-content-style":"default","site-sidebar-style":"default","ast-global-header-display":"","ast-banner-title-visibility":"","ast-main-header-display":"","ast-hfb-above-header-display":"","ast-hfb-below-header-display":"","ast-hfb-mobile-header-display":"","site-post-title":"","ast-breadcrumbs-content":"","ast-featured-img":"","footer-sml-layout":"","theme-transparent-header-meta":"default","adv-header-id-meta":"","stick-header-meta":"default","header-above-stick-meta":"","header-main-stick-meta":"","header-below-stick-meta":"","astra-migrate-meta-layouts":"default","ast-page-background-enabled":"default","ast-page-background-meta":{"desktop":{"background-color":"var(--ast-global-color-4)","background-image":"","background-repeat":"repeat","background-position":"center center","background-size":"auto","background-attachment":"scroll","background-type":"","background-media":"","overlay-type":"","overlay-color":"","overlay-opacity":"","overlay-gradient":""},"tablet":{"background-color":"","background-image":"","background-repeat":"repeat","background-position":"center center","background-size":"auto","background-attachment":"scroll","background-type":"","background-media":"","overlay-type":"","overlay-color":"","overlay-opacity":"","overlay-gradient":""},"mobile":{"background-color":"","background-image":"","background-repeat":"repeat","background-position":"center center","background-size":"auto","background-attachment":"scroll","background-type":"","background-media":"","overlay-type":"","overlay-color":"","overlay-opacity":"","overlay-gradient":""}},"ast-content-background-meta":{"desktop":{"background-color":"var(--ast-global-color-5)","background-image":"","background-repeat":"repeat","background-position":"center center","background-size":"auto","background-attachment":"scroll","background-type":"","background-media":"","overlay-type":"","overlay-color":"","overlay-opacity":"","overlay-gradient":""},"tablet":{"background-color":"var(--ast-global-color-5)","background-image":"","background-repeat":"repeat","background-position":"center center","background-size":"auto","background-attachment":"scroll","background-type":"","background-media":"","overlay-type":"","overlay-color":"","overlay-opacity":"","overlay-gradient":""},"mobile":{"background-color":"var(--ast-global-color-5)","background-image":"","background-repeat":"repeat","background-position":"center center","background-size":"auto","background-attachment":"scroll","background-type":"","background-media":"","overlay-type":"","overlay-color":"","overlay-opacity":"","overlay-gradient":""}},"_joinchat":[]},"product_brand":[],"product_cat":[60],"product_tag":[],"class_list":{"0":"post-2699","1":"product","2":"type-product","3":"status-publish","4":"has-post-thumbnail","6":"product_cat-services","7":"desktop-align-center","8":"tablet-align-center","9":"mobile-align-center","10":"ast-product-gallery-layout-horizontal-slider","11":"ast-product-gallery-with-no-image","12":"ast-product-single-variable","14":"first","15":"instock","16":"purchasable","17":"product-type-variable"},"yoast_head":"<!-- This site is optimized with the Yoast SEO plugin v26.0 - https:\/\/yoast.com\/wordpress\/plugins\/seo\/ -->\n<title>Exilis Radiofrequency - Ocean Clinic Tienda<\/title>\n<meta name=\"robots\" content=\"index, follow, max-snippet:-1, max-image-preview:large, max-video-preview:-1\" \/>\n<link rel=\"canonical\" href=\"https:\/\/oceanclinic.shop\/en\/product\/radiofrecuencia-exilis\/\" \/>\n<meta property=\"og:locale\" content=\"en_US\" \/>\n<meta property=\"og:type\" content=\"article\" \/>\n<meta property=\"og:title\" content=\"Exilis Radiofrequency - Ocean Clinic Tienda\" \/>\n<meta property=\"og:description\" content=\"Exilis is a device that offers the simultaneous combination of ultrasound waves with radiofrequency and adjustable reinforcement. Exilis therapy focuses on the elimination of isolated fat and quickly and effectively reshapes the treated \u00e1rea. The treatments are personalized, depending on the thickness of the skin and the \u00e1rea to be treated for each patient. The combination of radiofrequency and cooling adjust differently depending on the \u00e1rea to be treated: thighs, neckline, face, abdomen, etc\u2026 The recommended amount of sessions range between 6 and 10.\" \/>\n<meta property=\"og:url\" content=\"https:\/\/oceanclinic.shop\/en\/product\/radiofrecuencia-exilis\/\" \/>\n<meta property=\"og:site_name\" content=\"Ocean Clinic Tienda\" \/>\n<meta property=\"article:publisher\" content=\"https:\/\/www.facebook.com\/OceanClinicShop\" \/>\n<meta property=\"og:image\" content=\"http:\/\/oceanclinic.shop\/wp-content\/uploads\/2022\/12\/Exilis-optim.jpg\" \/>\n\t<meta property=\"og:image:width\" content=\"1280\" \/>\n\t<meta property=\"og:image:height\" content=\"854\" \/>\n\t<meta property=\"og:image:type\" content=\"image\/jpeg\" \/>\n<meta name=\"twitter:card\" content=\"summary_large_image\" \/>\n<script type=\"application\/ld+json\" class=\"yoast-schema-graph\">{\"@context\":\"https:\/\/schema.org\",\"@graph\":[{\"@type\":\"WebPage\",\"@id\":\"https:\/\/oceanclinic.shop\/en\/product\/radiofrecuencia-exilis\/\",\"url\":\"https:\/\/oceanclinic.shop\/en\/product\/radiofrecuencia-exilis\/\",\"name\":\"Exilis Radiofrequency - Ocean Clinic Tienda\",\"isPartOf\":{\"@id\":\"https:\/\/oceanclinic.shop\/en\/#website\"},\"primaryImageOfPage\":{\"@id\":\"https:\/\/oceanclinic.shop\/en\/product\/radiofrecuencia-exilis\/#primaryimage\"},\"image\":{\"@id\":\"https:\/\/oceanclinic.shop\/en\/product\/radiofrecuencia-exilis\/#primaryimage\"},\"thumbnailUrl\":\"https:\/\/oceanclinic.shop\/wp-content\/uploads\/2022\/12\/Exilis-optim.jpg\",\"datePublished\":\"2022-12-13T15:58:00+00:00\",\"breadcrumb\":{\"@id\":\"https:\/\/oceanclinic.shop\/en\/product\/radiofrecuencia-exilis\/#breadcrumb\"},\"inLanguage\":\"en-US\",\"potentialAction\":[{\"@type\":\"ReadAction\",\"target\":[\"https:\/\/oceanclinic.shop\/en\/product\/radiofrecuencia-exilis\/\"]}]},{\"@type\":\"ImageObject\",\"inLanguage\":\"en-US\",\"@id\":\"https:\/\/oceanclinic.shop\/en\/product\/radiofrecuencia-exilis\/#primaryimage\",\"url\":\"https:\/\/oceanclinic.shop\/wp-content\/uploads\/2022\/12\/Exilis-optim.jpg\",\"contentUrl\":\"https:\/\/oceanclinic.shop\/wp-content\/uploads\/2022\/12\/Exilis-optim.jpg\",\"width\":1280,\"height\":854,\"caption\":\"Radiofrequency Exilis is one of the most demanded treatments at clinica ocean de marbella.\"},{\"@type\":\"BreadcrumbList\",\"@id\":\"https:\/\/oceanclinic.shop\/en\/product\/radiofrecuencia-exilis\/#breadcrumb\",\"itemListElement\":[{\"@type\":\"ListItem\",\"position\":1,\"name\":\"Portada\",\"item\":\"https:\/\/oceanclinic.shop\/en\/\"},{\"@type\":\"ListItem\",\"position\":2,\"name\":\"Tienda\",\"item\":\"https:\/\/oceanclinic.shop\/tienda\/\"},{\"@type\":\"ListItem\",\"position\":3,\"name\":\"Exilis Radiofrequency\"}]},{\"@type\":\"WebSite\",\"@id\":\"https:\/\/oceanclinic.shop\/en\/#website\",\"url\":\"https:\/\/oceanclinic.shop\/en\/\",\"name\":\"Ocean Clinic Tienda Online\",\"description\":\"Tienda Online de la Cl\u00ednica Ocean de Marbella\",\"publisher\":{\"@id\":\"https:\/\/oceanclinic.shop\/en\/#organization\"},\"potentialAction\":[{\"@type\":\"SearchAction\",\"target\":{\"@type\":\"EntryPoint\",\"urlTemplate\":\"https:\/\/oceanclinic.shop\/en\/?s={search_term_string}\"},\"query-input\":{\"@type\":\"PropertyValueSpecification\",\"valueRequired\":true,\"valueName\":\"search_term_string\"}}],\"inLanguage\":\"en-US\"},{\"@type\":\"Organization\",\"@id\":\"https:\/\/oceanclinic.shop\/en\/#organization\",\"name\":\"Ocean Clinic\",\"url\":\"https:\/\/oceanclinic.shop\/en\/\",\"logo\":{\"@type\":\"ImageObject\",\"inLanguage\":\"en-US\",\"@id\":\"https:\/\/oceanclinic.shop\/en\/#\/schema\/logo\/image\/\",\"url\":\"https:\/\/oceanclinic.shop\/wp-content\/uploads\/2022\/12\/cropped-logo-web.jpg\",\"contentUrl\":\"https:\/\/oceanclinic.shop\/wp-content\/uploads\/2022\/12\/cropped-logo-web.jpg\",\"width\":500,\"height\":90,\"caption\":\"Ocean Clinic\"},\"image\":{\"@id\":\"https:\/\/oceanclinic.shop\/en\/#\/schema\/logo\/image\/\"},\"sameAs\":[\"https:\/\/www.facebook.com\/OceanClinicShop\",\"https:\/\/www.instagram.com\/oceanclinicshop\/\"]}]}<\/script>\n<!-- \/ Yoast SEO plugin. -->","yoast_head_json":{"title":"Exilis Radiofrequency - Ocean Clinic Tienda","robots":{"index":"index","follow":"follow","max-snippet":"max-snippet:-1","max-image-preview":"max-image-preview:large","max-video-preview":"max-video-preview:-1"},"canonical":"https:\/\/oceanclinic.shop\/en\/product\/radiofrecuencia-exilis\/","og_locale":"en_US","og_type":"article","og_title":"Exilis Radiofrequency - Ocean Clinic Tienda","og_description":"Exilis is a device that offers the simultaneous combination of ultrasound waves with radiofrequency and adjustable reinforcement. Exilis therapy focuses on the elimination of isolated fat and quickly and effectively reshapes the treated \u00e1rea. The treatments are personalized, depending on the thickness of the skin and the \u00e1rea to be treated for each patient. The combination of radiofrequency and cooling adjust differently depending on the \u00e1rea to be treated: thighs, neckline, face, abdomen, etc\u2026 The recommended amount of sessions range between 6 and 10.","og_url":"https:\/\/oceanclinic.shop\/en\/product\/radiofrecuencia-exilis\/","og_site_name":"Ocean Clinic Tienda","article_publisher":"https:\/\/www.facebook.com\/OceanClinicShop","og_image":[{"width":1280,"height":854,"url":"http:\/\/oceanclinic.shop\/wp-content\/uploads\/2022\/12\/Exilis-optim.jpg","type":"image\/jpeg"}],"twitter_card":"summary_large_image","schema":{"@context":"https:\/\/schema.org","@graph":[{"@type":"WebPage","@id":"https:\/\/oceanclinic.shop\/en\/product\/radiofrecuencia-exilis\/","url":"https:\/\/oceanclinic.shop\/en\/product\/radiofrecuencia-exilis\/","name":"Exilis Radiofrequency - Ocean Clinic Tienda","isPartOf":{"@id":"https:\/\/oceanclinic.shop\/en\/#website"},"primaryImageOfPage":{"@id":"https:\/\/oceanclinic.shop\/en\/product\/radiofrecuencia-exilis\/#primaryimage"},"image":{"@id":"https:\/\/oceanclinic.shop\/en\/product\/radiofrecuencia-exilis\/#primaryimage"},"thumbnailUrl":"https:\/\/oceanclinic.shop\/wp-content\/uploads\/2022\/12\/Exilis-optim.jpg","datePublished":"2022-12-13T15:58:00+00:00","breadcrumb":{"@id":"https:\/\/oceanclinic.shop\/en\/product\/radiofrecuencia-exilis\/#breadcrumb"},"inLanguage":"en-US","potentialAction":[{"@type":"ReadAction","target":["https:\/\/oceanclinic.shop\/en\/product\/radiofrecuencia-exilis\/"]}]},{"@type":"ImageObject","inLanguage":"en-US","@id":"https:\/\/oceanclinic.shop\/en\/product\/radiofrecuencia-exilis\/#primaryimage","url":"https:\/\/oceanclinic.shop\/wp-content\/uploads\/2022\/12\/Exilis-optim.jpg","contentUrl":"https:\/\/oceanclinic.shop\/wp-content\/uploads\/2022\/12\/Exilis-optim.jpg","width":1280,"height":854,"caption":"Radiofrequency Exilis is one of the most demanded treatments at clinica ocean de marbella."},{"@type":"BreadcrumbList","@id":"https:\/\/oceanclinic.shop\/en\/product\/radiofrecuencia-exilis\/#breadcrumb","itemListElement":[{"@type":"ListItem","position":1,"name":"Portada","item":"https:\/\/oceanclinic.shop\/en\/"},{"@type":"ListItem","position":2,"name":"Tienda","item":"https:\/\/oceanclinic.shop\/tienda\/"},{"@type":"ListItem","position":3,"name":"Exilis Radiofrequency"}]},{"@type":"WebSite","@id":"https:\/\/oceanclinic.shop\/en\/#website","url":"https:\/\/oceanclinic.shop\/en\/","name":"Ocean Clinic Tienda Online","description":"Tienda Online de la Cl\u00ednica Ocean de Marbella","publisher":{"@id":"https:\/\/oceanclinic.shop\/en\/#organization"},"potentialAction":[{"@type":"SearchAction","target":{"@type":"EntryPoint","urlTemplate":"https:\/\/oceanclinic.shop\/en\/?s={search_term_string}"},"query-input":{"@type":"PropertyValueSpecification","valueRequired":true,"valueName":"search_term_string"}}],"inLanguage":"en-US"},{"@type":"Organization","@id":"https:\/\/oceanclinic.shop\/en\/#organization","name":"Ocean Clinic","url":"https:\/\/oceanclinic.shop\/en\/","logo":{"@type":"ImageObject","inLanguage":"en-US","@id":"https:\/\/oceanclinic.shop\/en\/#\/schema\/logo\/image\/","url":"https:\/\/oceanclinic.shop\/wp-content\/uploads\/2022\/12\/cropped-logo-web.jpg","contentUrl":"https:\/\/oceanclinic.shop\/wp-content\/uploads\/2022\/12\/cropped-logo-web.jpg","width":500,"height":90,"caption":"Ocean Clinic"},"image":{"@id":"https:\/\/oceanclinic.shop\/en\/#\/schema\/logo\/image\/"},"sameAs":["https:\/\/www.facebook.com\/OceanClinicShop","https:\/\/www.instagram.com\/oceanclinicshop\/"]}]}},"_links":{"self":[{"href":"https:\/\/oceanclinic.shop\/en\/wp-json\/wp\/v2\/product\/2699","targetHints":{"allow":["GET"]}}],"collection":[{"href":"https:\/\/oceanclinic.shop\/en\/wp-json\/wp\/v2\/product"}],"about":[{"href":"https:\/\/oceanclinic.shop\/en\/wp-json\/wp\/v2\/types\/product"}],"wp:featuredmedia":[{"embeddable":true,"href":"https:\/\/oceanclinic.shop\/en\/wp-json\/wp\/v2\/media\/2264"}],"wp:attachment":[{"href":"https:\/\/oceanclinic.shop\/en\/wp-json\/wp\/v2\/media?parent=2699"}],"wp:term":[{"taxonomy":"product_brand","embeddable":true,"href":"https:\/\/oceanclinic.shop\/en\/wp-json\/wp\/v2\/product_brand?post=2699"},{"taxonomy":"product_cat","embeddable":true,"href":"https:\/\/oceanclinic.shop\/en\/wp-json\/wp\/v2\/product_cat?post=2699"},{"taxonomy":"product_tag","embeddable":true,"href":"https:\/\/oceanclinic.shop\/en\/wp-json\/wp\/v2\/product_tag?post=2699"}],"curies":[{"name":"wp","href":"https:\/\/api.w.org\/{rel}","templated":true}]}}