{"id":2683,"date":"2022-12-13T16:12:15","date_gmt":"2022-12-13T16:12:15","guid":{"rendered":"https:\/\/oceanclinic.shop\/producto\/lpg\/"},"modified":"2022-12-13T16:12:15","modified_gmt":"2022-12-13T16:12:15","slug":"lpg","status":"publish","type":"product","link":"http:\/\/oceanclinic.shop\/en\/product\/lpg\/","title":{"rendered":"LPG"},"content":{"rendered":"","protected":false},"excerpt":{"rendered":"<p>Through a system of rollers, an \u00e1rea of the body where fat has accumulated is selectively stimulated. This ysstem helps to improve circulation so, in addition to the visual results, it helps to mitigate the tired legs effect that most women suffer from, either sitting for too long or just the opposite.<br \/>\n The treatment, which is requested by athletes (since it treats injuries) to anyone, is performed in approximately 10 to 16 sessions. is carried out in approximatley 35\/40 minutes m\u00e1ximum, the profeccional covers the various \u00e1reas of the body to be treated with the rp\u00f1\u00f1er system, noticing the circulatory stimulation from the first moment.<br \/>\nThe effects are noticeable progressively, specialists recommend being patient, from the first sesi\u00f3n you already notice some effects that are very interesting.<\/p>\n","protected":false},"featured_media":2262,"template":"","meta":{"site-sidebar-layout":"default","site-content-layout":"default","ast-site-content-layout":"","site-content-style":"default","site-sidebar-style":"default","ast-global-header-display":"","ast-banner-title-visibility":"","ast-main-header-display":"","ast-hfb-above-header-display":"","ast-hfb-below-header-display":"","ast-hfb-mobile-header-display":"","site-post-title":"","ast-breadcrumbs-content":"","ast-featured-img":"","footer-sml-layout":"","theme-transparent-header-meta":"default","adv-header-id-meta":"","stick-header-meta":"default","header-above-stick-meta":"","header-main-stick-meta":"","header-below-stick-meta":"","astra-migrate-meta-layouts":"default","ast-page-background-enabled":"default","ast-page-background-meta":{"desktop":{"background-color":"var(--ast-global-color-4)","background-image":"","background-repeat":"repeat","background-position":"center center","background-size":"auto","background-attachment":"scroll","background-type":"","background-media":"","overlay-type":"","overlay-color":"","overlay-opacity":"","overlay-gradient":""},"tablet":{"background-color":"","background-image":"","background-repeat":"repeat","background-position":"center center","background-size":"auto","background-attachment":"scroll","background-type":"","background-media":"","overlay-type":"","overlay-color":"","overlay-opacity":"","overlay-gradient":""},"mobile":{"background-color":"","background-image":"","background-repeat":"repeat","background-position":"center center","background-size":"auto","background-attachment":"scroll","background-type":"","background-media":"","overlay-type":"","overlay-color":"","overlay-opacity":"","overlay-gradient":""}},"ast-content-background-meta":{"desktop":{"background-color":"var(--ast-global-color-5)","background-image":"","background-repeat":"repeat","background-position":"center center","background-size":"auto","background-attachment":"scroll","background-type":"","background-media":"","overlay-type":"","overlay-color":"","overlay-opacity":"","overlay-gradient":""},"tablet":{"background-color":"var(--ast-global-color-5)","background-image":"","background-repeat":"repeat","background-position":"center center","background-size":"auto","background-attachment":"scroll","background-type":"","background-media":"","overlay-type":"","overlay-color":"","overlay-opacity":"","overlay-gradient":""},"mobile":{"background-color":"var(--ast-global-color-5)","background-image":"","background-repeat":"repeat","background-position":"center center","background-size":"auto","background-attachment":"scroll","background-type":"","background-media":"","overlay-type":"","overlay-color":"","overlay-opacity":"","overlay-gradient":""}},"_joinchat":[]},"product_brand":[],"product_cat":[60],"product_tag":[],"class_list":{"0":"post-2683","1":"product","2":"type-product","3":"status-publish","4":"has-post-thumbnail","6":"product_cat-services","7":"desktop-align-center","8":"tablet-align-center","9":"mobile-align-center","10":"ast-product-gallery-layout-horizontal-slider","11":"ast-product-gallery-with-no-image","12":"ast-product-single-variable","14":"first","15":"instock","16":"purchasable","17":"product-type-variable"},"yoast_head":"<!-- This site is optimized with the Yoast SEO plugin v26.0 - https:\/\/yoast.com\/wordpress\/plugins\/seo\/ -->\n<title>LPG - Ocean Clinic Tienda<\/title>\n<meta name=\"robots\" content=\"index, follow, max-snippet:-1, max-image-preview:large, max-video-preview:-1\" \/>\n<link rel=\"canonical\" href=\"http:\/\/oceanclinic.shop\/en\/product\/lpg\/\" \/>\n<meta property=\"og:locale\" content=\"en_US\" \/>\n<meta property=\"og:type\" content=\"article\" \/>\n<meta property=\"og:title\" content=\"LPG - Ocean Clinic Tienda\" \/>\n<meta property=\"og:description\" content=\"Through a system of rollers, an \u00e1rea of the body where fat has accumulated is selectively stimulated. This ysstem helps to improve circulation so, in addition to the visual results, it helps to mitigate the tired legs effect that most women suffer from, either sitting for too long or just the opposite. The treatment, which is requested by athletes (since it treats injuries) to anyone, is performed in approximately 10 to 16 sessions. is carried out in approximatley 35\/40 minutes m\u00e1ximum, the profeccional covers the various \u00e1reas of the body to be treated with the rp\u00f1\u00f1er system, noticing the circulatory stimulation from the first moment. The effects are noticeable progressively, specialists recommend being patient, from the first sesi\u00f3n you already notice some effects that are very interesting.\" \/>\n<meta property=\"og:url\" content=\"http:\/\/oceanclinic.shop\/en\/product\/lpg\/\" \/>\n<meta property=\"og:site_name\" content=\"Ocean Clinic Tienda\" \/>\n<meta property=\"article:publisher\" content=\"https:\/\/www.facebook.com\/OceanClinicShop\" \/>\n<meta property=\"og:image\" content=\"https:\/\/oceanclinic.shop\/wp-content\/uploads\/2022\/12\/lpg.jpg\" \/>\n\t<meta property=\"og:image:width\" content=\"1110\" \/>\n\t<meta property=\"og:image:height\" content=\"1480\" \/>\n\t<meta property=\"og:image:type\" content=\"image\/jpeg\" \/>\n<meta name=\"twitter:card\" content=\"summary_large_image\" \/>\n<script type=\"application\/ld+json\" class=\"yoast-schema-graph\">{\"@context\":\"https:\/\/schema.org\",\"@graph\":[{\"@type\":\"WebPage\",\"@id\":\"http:\/\/oceanclinic.shop\/en\/product\/lpg\/\",\"url\":\"http:\/\/oceanclinic.shop\/en\/product\/lpg\/\",\"name\":\"LPG - Ocean Clinic Tienda\",\"isPartOf\":{\"@id\":\"http:\/\/oceanclinic.shop\/en\/#website\"},\"primaryImageOfPage\":{\"@id\":\"http:\/\/oceanclinic.shop\/en\/product\/lpg\/#primaryimage\"},\"image\":{\"@id\":\"http:\/\/oceanclinic.shop\/en\/product\/lpg\/#primaryimage\"},\"thumbnailUrl\":\"http:\/\/oceanclinic.shop\/wp-content\/uploads\/2022\/12\/lpg.jpg\",\"datePublished\":\"2022-12-13T16:12:15+00:00\",\"breadcrumb\":{\"@id\":\"http:\/\/oceanclinic.shop\/en\/product\/lpg\/#breadcrumb\"},\"inLanguage\":\"en-US\",\"potentialAction\":[{\"@type\":\"ReadAction\",\"target\":[\"http:\/\/oceanclinic.shop\/en\/product\/lpg\/\"]}]},{\"@type\":\"ImageObject\",\"inLanguage\":\"en-US\",\"@id\":\"http:\/\/oceanclinic.shop\/en\/product\/lpg\/#primaryimage\",\"url\":\"http:\/\/oceanclinic.shop\/wp-content\/uploads\/2022\/12\/lpg.jpg\",\"contentUrl\":\"http:\/\/oceanclinic.shop\/wp-content\/uploads\/2022\/12\/lpg.jpg\",\"width\":1110,\"height\":1480,\"caption\":\"LPG device is applied at the Ocean Clinic in Marbella\"},{\"@type\":\"BreadcrumbList\",\"@id\":\"http:\/\/oceanclinic.shop\/en\/product\/lpg\/#breadcrumb\",\"itemListElement\":[{\"@type\":\"ListItem\",\"position\":1,\"name\":\"Portada\",\"item\":\"http:\/\/oceanclinic.shop\/en\/\"},{\"@type\":\"ListItem\",\"position\":2,\"name\":\"Tienda\",\"item\":\"http:\/\/oceanclinic.shop\/tienda\/\"},{\"@type\":\"ListItem\",\"position\":3,\"name\":\"LPG\"}]},{\"@type\":\"WebSite\",\"@id\":\"http:\/\/oceanclinic.shop\/en\/#website\",\"url\":\"http:\/\/oceanclinic.shop\/en\/\",\"name\":\"Ocean Clinic Tienda Online\",\"description\":\"Tienda Online de la Cl\u00ednica Ocean de Marbella\",\"publisher\":{\"@id\":\"http:\/\/oceanclinic.shop\/en\/#organization\"},\"potentialAction\":[{\"@type\":\"SearchAction\",\"target\":{\"@type\":\"EntryPoint\",\"urlTemplate\":\"http:\/\/oceanclinic.shop\/en\/?s={search_term_string}\"},\"query-input\":{\"@type\":\"PropertyValueSpecification\",\"valueRequired\":true,\"valueName\":\"search_term_string\"}}],\"inLanguage\":\"en-US\"},{\"@type\":\"Organization\",\"@id\":\"http:\/\/oceanclinic.shop\/en\/#organization\",\"name\":\"Ocean Clinic\",\"url\":\"http:\/\/oceanclinic.shop\/en\/\",\"logo\":{\"@type\":\"ImageObject\",\"inLanguage\":\"en-US\",\"@id\":\"http:\/\/oceanclinic.shop\/en\/#\/schema\/logo\/image\/\",\"url\":\"http:\/\/oceanclinic.shop\/wp-content\/uploads\/2022\/12\/cropped-logo-web.jpg\",\"contentUrl\":\"http:\/\/oceanclinic.shop\/wp-content\/uploads\/2022\/12\/cropped-logo-web.jpg\",\"width\":500,\"height\":90,\"caption\":\"Ocean Clinic\"},\"image\":{\"@id\":\"http:\/\/oceanclinic.shop\/en\/#\/schema\/logo\/image\/\"},\"sameAs\":[\"https:\/\/www.facebook.com\/OceanClinicShop\",\"https:\/\/www.instagram.com\/oceanclinicshop\/\"]}]}<\/script>\n<!-- \/ Yoast SEO plugin. -->","yoast_head_json":{"title":"LPG - Ocean Clinic Tienda","robots":{"index":"index","follow":"follow","max-snippet":"max-snippet:-1","max-image-preview":"max-image-preview:large","max-video-preview":"max-video-preview:-1"},"canonical":"http:\/\/oceanclinic.shop\/en\/product\/lpg\/","og_locale":"en_US","og_type":"article","og_title":"LPG - Ocean Clinic Tienda","og_description":"Through a system of rollers, an \u00e1rea of the body where fat has accumulated is selectively stimulated. This ysstem helps to improve circulation so, in addition to the visual results, it helps to mitigate the tired legs effect that most women suffer from, either sitting for too long or just the opposite. The treatment, which is requested by athletes (since it treats injuries) to anyone, is performed in approximately 10 to 16 sessions. is carried out in approximatley 35\/40 minutes m\u00e1ximum, the profeccional covers the various \u00e1reas of the body to be treated with the rp\u00f1\u00f1er system, noticing the circulatory stimulation from the first moment. The effects are noticeable progressively, specialists recommend being patient, from the first sesi\u00f3n you already notice some effects that are very interesting.","og_url":"http:\/\/oceanclinic.shop\/en\/product\/lpg\/","og_site_name":"Ocean Clinic Tienda","article_publisher":"https:\/\/www.facebook.com\/OceanClinicShop","og_image":[{"width":1110,"height":1480,"url":"https:\/\/oceanclinic.shop\/wp-content\/uploads\/2022\/12\/lpg.jpg","type":"image\/jpeg"}],"twitter_card":"summary_large_image","schema":{"@context":"https:\/\/schema.org","@graph":[{"@type":"WebPage","@id":"http:\/\/oceanclinic.shop\/en\/product\/lpg\/","url":"http:\/\/oceanclinic.shop\/en\/product\/lpg\/","name":"LPG - Ocean Clinic Tienda","isPartOf":{"@id":"http:\/\/oceanclinic.shop\/en\/#website"},"primaryImageOfPage":{"@id":"http:\/\/oceanclinic.shop\/en\/product\/lpg\/#primaryimage"},"image":{"@id":"http:\/\/oceanclinic.shop\/en\/product\/lpg\/#primaryimage"},"thumbnailUrl":"http:\/\/oceanclinic.shop\/wp-content\/uploads\/2022\/12\/lpg.jpg","datePublished":"2022-12-13T16:12:15+00:00","breadcrumb":{"@id":"http:\/\/oceanclinic.shop\/en\/product\/lpg\/#breadcrumb"},"inLanguage":"en-US","potentialAction":[{"@type":"ReadAction","target":["http:\/\/oceanclinic.shop\/en\/product\/lpg\/"]}]},{"@type":"ImageObject","inLanguage":"en-US","@id":"http:\/\/oceanclinic.shop\/en\/product\/lpg\/#primaryimage","url":"http:\/\/oceanclinic.shop\/wp-content\/uploads\/2022\/12\/lpg.jpg","contentUrl":"http:\/\/oceanclinic.shop\/wp-content\/uploads\/2022\/12\/lpg.jpg","width":1110,"height":1480,"caption":"LPG device is applied at the Ocean Clinic in Marbella"},{"@type":"BreadcrumbList","@id":"http:\/\/oceanclinic.shop\/en\/product\/lpg\/#breadcrumb","itemListElement":[{"@type":"ListItem","position":1,"name":"Portada","item":"http:\/\/oceanclinic.shop\/en\/"},{"@type":"ListItem","position":2,"name":"Tienda","item":"http:\/\/oceanclinic.shop\/tienda\/"},{"@type":"ListItem","position":3,"name":"LPG"}]},{"@type":"WebSite","@id":"http:\/\/oceanclinic.shop\/en\/#website","url":"http:\/\/oceanclinic.shop\/en\/","name":"Ocean Clinic Tienda Online","description":"Tienda Online de la Cl\u00ednica Ocean de Marbella","publisher":{"@id":"http:\/\/oceanclinic.shop\/en\/#organization"},"potentialAction":[{"@type":"SearchAction","target":{"@type":"EntryPoint","urlTemplate":"http:\/\/oceanclinic.shop\/en\/?s={search_term_string}"},"query-input":{"@type":"PropertyValueSpecification","valueRequired":true,"valueName":"search_term_string"}}],"inLanguage":"en-US"},{"@type":"Organization","@id":"http:\/\/oceanclinic.shop\/en\/#organization","name":"Ocean Clinic","url":"http:\/\/oceanclinic.shop\/en\/","logo":{"@type":"ImageObject","inLanguage":"en-US","@id":"http:\/\/oceanclinic.shop\/en\/#\/schema\/logo\/image\/","url":"http:\/\/oceanclinic.shop\/wp-content\/uploads\/2022\/12\/cropped-logo-web.jpg","contentUrl":"http:\/\/oceanclinic.shop\/wp-content\/uploads\/2022\/12\/cropped-logo-web.jpg","width":500,"height":90,"caption":"Ocean Clinic"},"image":{"@id":"http:\/\/oceanclinic.shop\/en\/#\/schema\/logo\/image\/"},"sameAs":["https:\/\/www.facebook.com\/OceanClinicShop","https:\/\/www.instagram.com\/oceanclinicshop\/"]}]}},"_links":{"self":[{"href":"http:\/\/oceanclinic.shop\/en\/wp-json\/wp\/v2\/product\/2683","targetHints":{"allow":["GET"]}}],"collection":[{"href":"http:\/\/oceanclinic.shop\/en\/wp-json\/wp\/v2\/product"}],"about":[{"href":"http:\/\/oceanclinic.shop\/en\/wp-json\/wp\/v2\/types\/product"}],"wp:featuredmedia":[{"embeddable":true,"href":"http:\/\/oceanclinic.shop\/en\/wp-json\/wp\/v2\/media\/2262"}],"wp:attachment":[{"href":"http:\/\/oceanclinic.shop\/en\/wp-json\/wp\/v2\/media?parent=2683"}],"wp:term":[{"taxonomy":"product_brand","embeddable":true,"href":"http:\/\/oceanclinic.shop\/en\/wp-json\/wp\/v2\/product_brand?post=2683"},{"taxonomy":"product_cat","embeddable":true,"href":"http:\/\/oceanclinic.shop\/en\/wp-json\/wp\/v2\/product_cat?post=2683"},{"taxonomy":"product_tag","embeddable":true,"href":"http:\/\/oceanclinic.shop\/en\/wp-json\/wp\/v2\/product_tag?post=2683"}],"curies":[{"name":"wp","href":"https:\/\/api.w.org\/{rel}","templated":true}]}}